{"id":1239,"date":"2020-06-18T08:36:31","date_gmt":"2020-06-18T08:36:31","guid":{"rendered":"https:\/\/cristestimures.ro\/tarsadalmi-reszvetelu-fejlesztes\/"},"modified":"2020-06-18T08:36:31","modified_gmt":"2020-06-18T08:36:31","slug":"tarsadalmi-reszvetelu-fejlesztes","status":"publish","type":"page","link":"https:\/\/old.cristestimures.ro\/hu\/tarsadalmi-reszvetelu-fejlesztes\/","title":{"rendered":"T\u00e1rsadalmi r\u00e9szv\u00e9tel\u0171 fejleszt\u00e9s"},"content":{"rendered":"<p><iframe loading=\"lazy\" id=\"frameFormularRegistratura1507\" src=\"https:\/\/app.citymanager.online\/_Extern\/FormularRegistratura.aspx?u=172b85ab-9e40-459b-b534-59c33552ca7b&amp;f=1507\" width=\"100%\" height=\"2200px\"><\/iframe><script type=\"text\/javascript\" src=\"https:\/\/app.citymanager.online\/js\/_Extern\/formulare.js\"><\/script><\/p>\n","protected":false},"excerpt":{"rendered":"<div class=\"mh-excerpt\"><\/div>","protected":false},"author":3,"featured_media":0,"parent":0,"menu_order":0,"comment_status":"closed","ping_status":"closed","template":"","meta":{"footnotes":""},"class_list":["post-1239","page","type-page","status-publish"],"_links":{"self":[{"href":"https:\/\/old.cristestimures.ro\/hu\/wp-json\/wp\/v2\/pages\/1239","targetHints":{"allow":["GET"]}}],"collection":[{"href":"https:\/\/old.cristestimures.ro\/hu\/wp-json\/wp\/v2\/pages"}],"about":[{"href":"https:\/\/old.cristestimures.ro\/hu\/wp-json\/wp\/v2\/types\/page"}],"author":[{"embeddable":true,"href":"https:\/\/old.cristestimures.ro\/hu\/wp-json\/wp\/v2\/users\/3"}],"replies":[{"embeddable":true,"href":"https:\/\/old.cristestimures.ro\/hu\/wp-json\/wp\/v2\/comments?post=1239"}],"version-history":[{"count":0,"href":"https:\/\/old.cristestimures.ro\/hu\/wp-json\/wp\/v2\/pages\/1239\/revisions"}],"wp:attachment":[{"href":"https:\/\/old.cristestimures.ro\/hu\/wp-json\/wp\/v2\/media?parent=1239"}],"curies":[{"name":"wp","href":"https:\/\/api.w.org\/{rel}","templated":true}]}}