{"id":1144,"date":"2019-04-17T18:39:16","date_gmt":"2019-04-17T16:39:16","guid":{"rendered":"https:\/\/cristestimures.ro\/por-a-maroskereszturi-altalanos-iskola-epuletenek-bovitese-es-modernizalasa\/"},"modified":"2021-03-19T14:44:16","modified_gmt":"2021-03-19T14:44:16","slug":"por-a-maroskereszturi-altalanos-iskola-epuletenek-bovitese-es-modernizalasa","status":"publish","type":"page","link":"https:\/\/old.cristestimures.ro\/hu\/kozerdeku-informaciok\/por-a-maroskereszturi-altalanos-iskola-epuletenek-bovitese-es-modernizalasa\/","title":{"rendered":"POR Extinderea \u0219i modernizarea cl\u0103dirii \u0218colii Gimnaziale Criste\u0219ti"},"content":{"rendered":"<p><a href=\"https:\/\/cristestimures.ro\/wp-content\/uploads\/2019\/04\/image001.jpg\"><img loading=\"lazy\" decoding=\"async\" class=\"aligncenter size-large wp-image-531\" src=\"https:\/\/cristestimures.ro\/wp-content\/uploads\/2019\/04\/image001-1024x165.jpg\" alt=\"\" width=\"1024\" height=\"165\" srcset=\"https:\/\/old.cristestimures.ro\/wp-content\/uploads\/2019\/04\/image001-1024x165.jpg 1024w, https:\/\/old.cristestimures.ro\/wp-content\/uploads\/2019\/04\/image001-300x48.jpg 300w, https:\/\/old.cristestimures.ro\/wp-content\/uploads\/2019\/04\/image001-768x124.jpg 768w\" sizes=\"auto, (max-width: 1024px) 100vw, 1024px\" \/><\/a><\/p>\n<p style=\"font-weight: 400;\"><strong>DATE PUBLICE<\/strong><\/p>\n<p style=\"font-weight: 400;\"><strong>Data public\u0103rii: 10.04.2019<\/strong><\/p>\n<p style=\"font-weight: 400;\"><strong>Denumirea beneficiarului:<\/strong>\u00a0UAT COMUNA CRISTE\u0218TI<strong>\u00a0<\/strong><\/p>\n<p style=\"font-weight: 400;\"><strong>Titlul proiectului:<\/strong>\u00a0Extinderea \u0219i modernizarea cl\u0103dirii \u0218colii Gimnaziale Criste\u0219ti\u00a0 \u00a0\u00a0\u00a0\u00a0\u00a0\u00a0\u00a0\u00a0\u00a0\u00a0 Cod SMIS Proiect 120291<\/p>\n<p>&nbsp;<\/p>\n<p style=\"font-weight: 400;\"><strong>Rezumatul proiectului:<\/strong><\/p>\n<p style=\"font-weight: 400;\">Programul Opera\u021bional Regional 2014-2020 este implementat la nivel na\u021bional de c\u0103tre Ministerul Dezvolt\u0103rii Regionale \u0219i Administra\u021biei Publice \u00een calitate de Autoritate de Management, iar la nivel regional de c\u0103tre ADR Centru, organism intermediar al programului ce monitorizeaz\u0103 implementarea acestui proiect \u00een Regiunea Centru.<em>\u00a0<\/em>Obiectivul general al prezentului proiect este cre\u0219terea gradului de participare la nivelul educa\u021biei timpurii \u0219i \u00eenv\u0103\u021b\u0103m\u00e2ntului obligatoriu, \u00een special pentru copii cu risc crescut de p\u0103r\u0103sire timpurie a sistemului din comuna Criste\u0219ti, jude\u021bul Mure\u0219.<strong>\u00a0<\/strong>Obiectivul general consta \u00een cre\u0219terea calit\u0103\u021bii serviciilor educa\u021bionale furnizate de c\u0103tre unitatea de \u00eenv\u0103\u021b\u0103m\u00e2nt de stat \u00een Comuna Criste\u0219ti, cu scopul diminu\u0103rii num\u0103rului de elevi care abandoneaz\u0103 formele de \u00eenv\u0103\u021b\u0103m\u00e2nt obligatoriu, cre\u0219terea num\u0103rului de copii care<strong>\u00a0<\/strong>frecventeaz\u0103 \u00eenv\u0103\u021b\u0103m\u00e2ntul general obligatoriu, respectiv asigurarea unui sprijin real pentru persoanele aflate \u00een situa\u021bie de risc de p\u0103r\u0103sire a scolii, prin dezvoltarea infrastructurii educa\u021bionale si prin aceasta implementarea de programe moderne (bazate pe tehnologia<strong>\u00a0<\/strong>informa\u021biei \u0219i a comunic\u0103rii), aflate \u00een str\u00e2nsa leg\u0103tura cu dinamica actuala a pie\u021bei muncii.<\/p>\n<p style=\"font-weight: 400;\"><strong>Date de \u00eencepere \u0219i de finalizare proiectului:<\/strong>\u00a001.12.2017 &#8211; 31.12.2020<\/p>\n<p style=\"font-weight: 400;\"><strong>Valoarea total\u0103 a proiectului\u00a0<\/strong>(lei) 4.696.913,00;<\/p>\n<p style=\"font-weight: 400;\"><strong>Suma nerambursabil\u0103 solicitat\u0103<\/strong>\u00a0(lei) 4.560.350,13<\/p>\n<p style=\"font-weight: 400;\"><strong>Locul de implementare a proiectului:<\/strong><\/p>\n<p style=\"font-weight: 400;\">Coordonate GPS ale loca\u021biei de implementare\u00a0\u00a0 46.50630889722416 , 24.483418464660648<\/p>\n<p style=\"font-weight: 400;\">\u201cPentru informa\u021bii detaliate despre celelalte programe cofinan\u021bate de Uniunea European\u0103, v\u0103 invit\u0103m s\u0103 vizita\u021bi\u00a0<a href=\"http:\/\/www.fonduri-ue.ro\/\" data-saferedirecturl=\"https:\/\/www.google.com\/url?q=http:\/\/www.fonduri-ue.ro&amp;source=gmail&amp;ust=1555610839220000&amp;usg=AFQjCNHaJ-QDOLL2kAf7dl-LbzoDMFwypQ\">www.fonduri-ue.ro<\/a>\u201d<\/p>\n<p style=\"font-weight: 400;\"><strong>\u00a0<\/strong><\/p>\n<p style=\"font-weight: 400;\"><strong>Date de contact beneficiar:<\/strong><\/p>\n<p style=\"font-weight: 400;\">UAT COMUNA CRISTE\u015eTI, JUDE\u0162UL MURE\u015e<\/p>\n<table width=\"708\">\n<tbody>\n<tr>\n<td width=\"708\">547185\u00a0 Cristesti, nr.678, CF: 4323357, Tel\/Fax: +40 265 326112;\u00a0 +40 265 326842, E-mail:<a href=\"mailto:cristesti@cjmures.ro\">cristesti@cjmures.ro<\/a><\/p>\n<p>&nbsp;<\/p>\n<p>&nbsp;<\/td>\n<\/tr>\n<\/tbody>\n<\/table>\n<p style=\"font-weight: 400;\"><strong>\u00a0<\/strong><\/p>\n<p style=\"font-weight: 400; text-align: center;\"><strong><a href=\"http:\/\/www.regio-adrcentru.ro\/\" data-saferedirecturl=\"https:\/\/www.google.com\/url?q=http:\/\/www.regio-adrcentru.ro&amp;source=gmail&amp;ust=1555610839220000&amp;usg=AFQjCNEt3IKyhmmLZKiJSCpOnZErRVPnyQ\">www.regio-adrcentru.ro<\/a><\/strong><\/p>\n<p style=\"font-weight: 400;\"><strong>\u00a0<\/strong><\/p>\n<p style=\"font-weight: 400;\"><a href=\"https:\/\/cristestimures.ro\/wp-content\/uploads\/2019\/04\/image003.jpg\"><img loading=\"lazy\" decoding=\"async\" class=\"aligncenter size-large wp-image-532\" src=\"https:\/\/cristestimures.ro\/wp-content\/uploads\/2019\/04\/image003-1024x15.jpg\" alt=\"\" width=\"1024\" height=\"15\" srcset=\"https:\/\/old.cristestimures.ro\/wp-content\/uploads\/2019\/04\/image003-1024x15.jpg 1024w, https:\/\/old.cristestimures.ro\/wp-content\/uploads\/2019\/04\/image003-300x4.jpg 300w, https:\/\/old.cristestimures.ro\/wp-content\/uploads\/2019\/04\/image003-768x11.jpg 768w\" sizes=\"auto, (max-width: 1024px) 100vw, 1024px\" \/><\/a><\/p>\n<p style=\"font-weight: 400; text-align: center;\"><a href=\"http:\/\/www.inforegio.ro\/\" data-saferedirecturl=\"https:\/\/www.google.com\/url?q=http:\/\/www.inforegio.ro&amp;source=gmail&amp;ust=1555610839220000&amp;usg=AFQjCNGx8lECvxM_3uZNYuOPCUwYu5rG9w\"><strong>www.inforegio.ro<\/strong><\/a><strong>\u00a0I\u00a0<a href=\"http:\/\/facebook.com\/inforegio.ro\" data-saferedirecturl=\"https:\/\/www.google.com\/url?q=http:\/\/facebook.com\/inforegio.ro&amp;source=gmail&amp;ust=1555610839220000&amp;usg=AFQjCNGEMuWb27ZnDgJZknEKNV_dE5RdgA\">facebook.com\/inforegio.ro<\/a><br \/>\n<\/strong>Investim \u00een viitorul t\u0103u! Proiect cofinan\u021bat din Fondul European<br \/>\nde Dezvoltare Regional\u0103 prin Programul Opera\u021bional Regional 2014-2020<br \/>\nCon\u021binutul acestui material nu reprezint\u0103 \u00een mod obligatoriu pozi\u021bia oficial\u0103 a Uniunii Europene sau a Guvernului Rom\u00e2niei.<\/p>\n<p>&nbsp;<\/p>\n<p>&nbsp;<\/p>\n<p><iframe loading=\"lazy\" id=\"frameAnunturi691\" src=\"https:\/\/app.citymanager.online\/_Extern\/listaAnunturi.aspx?ID=172b85ab-9e40-459b-b534-59c33552ca7b&amp;c=691\" width=\"100%\" height=\"1000px\"><\/iframe><\/p>\n","protected":false},"excerpt":{"rendered":"<div class=\"mh-excerpt\"><p>DATE PUBLICE Data public\u0103rii: 10.04.2019 Denumirea beneficiarului:\u00a0UAT COMUNA CRISTE\u0218TI\u00a0 Titlul proiectului:\u00a0Extinderea \u0219i modernizarea cl\u0103dirii \u0218colii Gimnaziale Criste\u0219ti\u00a0 \u00a0\u00a0\u00a0\u00a0\u00a0\u00a0\u00a0\u00a0\u00a0\u00a0 Cod SMIS Proiect 120291 &nbsp; Rezumatul proiectului: Programul Opera\u021bional Regional 2014-2020 este implementat la nivel na\u021bional de <a class=\"mh-excerpt-more\" href=\"https:\/\/old.cristestimures.ro\/hu\/kozerdeku-informaciok\/por-a-maroskereszturi-altalanos-iskola-epuletenek-bovitese-es-modernizalasa\/\" title=\"POR Extinderea \u0219i modernizarea cl\u0103dirii \u0218colii Gimnaziale Criste\u0219ti\">[&#8230;]<\/a><\/p>\n<\/div>","protected":false},"author":3,"featured_media":0,"parent":1090,"menu_order":11,"comment_status":"closed","ping_status":"closed","template":"template-full.php","meta":{"footnotes":""},"class_list":["post-1144","page","type-page","status-publish"],"_links":{"self":[{"href":"https:\/\/old.cristestimures.ro\/hu\/wp-json\/wp\/v2\/pages\/1144","targetHints":{"allow":["GET"]}}],"collection":[{"href":"https:\/\/old.cristestimures.ro\/hu\/wp-json\/wp\/v2\/pages"}],"about":[{"href":"https:\/\/old.cristestimures.ro\/hu\/wp-json\/wp\/v2\/types\/page"}],"author":[{"embeddable":true,"href":"https:\/\/old.cristestimures.ro\/hu\/wp-json\/wp\/v2\/users\/3"}],"replies":[{"embeddable":true,"href":"https:\/\/old.cristestimures.ro\/hu\/wp-json\/wp\/v2\/comments?post=1144"}],"version-history":[{"count":1,"href":"https:\/\/old.cristestimures.ro\/hu\/wp-json\/wp\/v2\/pages\/1144\/revisions"}],"predecessor-version":[{"id":1438,"href":"https:\/\/old.cristestimures.ro\/hu\/wp-json\/wp\/v2\/pages\/1144\/revisions\/1438"}],"up":[{"embeddable":true,"href":"https:\/\/old.cristestimures.ro\/hu\/wp-json\/wp\/v2\/pages\/1090"}],"wp:attachment":[{"href":"https:\/\/old.cristestimures.ro\/hu\/wp-json\/wp\/v2\/media?parent=1144"}],"curies":[{"name":"wp","href":"https:\/\/api.w.org\/{rel}","templated":true}]}}