{"id":1121,"date":"2018-11-06T12:42:33","date_gmt":"2018-11-06T12:42:33","guid":{"rendered":"https:\/\/cristestimures.ro\/webkamera\/"},"modified":"2018-11-06T12:42:33","modified_gmt":"2018-11-06T12:42:33","slug":"webkamera","status":"publish","type":"page","link":"https:\/\/old.cristestimures.ro\/hu\/webkamera\/","title":{"rendered":"Webkamera"},"content":{"rendered":"<p>\u00c9l\u0151ben k\u00f6vetheti a maroskereszt\u00fari helyi tan\u00e1cs\u00fcl\u00e9seket, a gy\u0171l\u00e9steremben elhelyezett webkamer\u00e1n.<\/p>\n<p>A webkamera el\u00e9r\u00e9s\u00e9hez\u00a0<a href=\"http:\/\/5.2.203.59:9090\/\" target=\"_blank\" rel=\"noopener\">kattintson ide<\/a>.<\/p>\n<p>Bejelentkez\u00e9si adatok:<br \/>\n<strong>Felhaszn\u00e1l\u00f3n\u00e9v (username)<\/strong>: demo<br \/>\n<strong>Jelsz\u00f3 (password)<\/strong>: demo<\/p>\n<p>K\u00e9rj\u00fck kiz\u00e1r\u00f3lat Internet Explorert haszn\u00e1ljanak.<br \/>\nAmennyiben a b\u00f6ng\u00e9sz\u00f3 az AktivX telep\u00edt\u00e9s\u00e9t k\u00e9ri, a telep\u00edt\u0151 csomag\u00a0<a href=\"https:\/\/support.microsoft.com\/ro-ro\/help\/17469\/windows-internet-explorer-use-activex-controls\" target=\"_blank\" rel=\"noopener\">innen let\u00f6lthet\u0151<\/a>.<\/p>\n","protected":false},"excerpt":{"rendered":"<div class=\"mh-excerpt\"><p>\u00c9l\u0151ben k\u00f6vetheti a maroskereszt\u00fari helyi tan\u00e1cs\u00fcl\u00e9seket, a gy\u0171l\u00e9steremben elhelyezett webkamer\u00e1n. A webkamera el\u00e9r\u00e9s\u00e9hez\u00a0kattintson ide. Bejelentkez\u00e9si adatok: Felhaszn\u00e1l\u00f3n\u00e9v (username): demo Jelsz\u00f3 (password): demo K\u00e9rj\u00fck kiz\u00e1r\u00f3lat Internet Explorert haszn\u00e1ljanak. Amennyiben a b\u00f6ng\u00e9sz\u00f3 az AktivX telep\u00edt\u00e9s\u00e9t k\u00e9ri, a <a class=\"mh-excerpt-more\" href=\"https:\/\/old.cristestimures.ro\/hu\/webkamera\/\" title=\"Webkamera\">[&#8230;]<\/a><\/p>\n<\/div>","protected":false},"author":3,"featured_media":0,"parent":0,"menu_order":0,"comment_status":"closed","ping_status":"closed","template":"","meta":{"footnotes":""},"class_list":["post-1121","page","type-page","status-publish"],"_links":{"self":[{"href":"https:\/\/old.cristestimures.ro\/hu\/wp-json\/wp\/v2\/pages\/1121","targetHints":{"allow":["GET"]}}],"collection":[{"href":"https:\/\/old.cristestimures.ro\/hu\/wp-json\/wp\/v2\/pages"}],"about":[{"href":"https:\/\/old.cristestimures.ro\/hu\/wp-json\/wp\/v2\/types\/page"}],"author":[{"embeddable":true,"href":"https:\/\/old.cristestimures.ro\/hu\/wp-json\/wp\/v2\/users\/3"}],"replies":[{"embeddable":true,"href":"https:\/\/old.cristestimures.ro\/hu\/wp-json\/wp\/v2\/comments?post=1121"}],"version-history":[{"count":0,"href":"https:\/\/old.cristestimures.ro\/hu\/wp-json\/wp\/v2\/pages\/1121\/revisions"}],"wp:attachment":[{"href":"https:\/\/old.cristestimures.ro\/hu\/wp-json\/wp\/v2\/media?parent=1121"}],"curies":[{"name":"wp","href":"https:\/\/api.w.org\/{rel}","templated":true}]}}