{"id":1112,"date":"2018-10-15T18:19:23","date_gmt":"2018-10-15T18:19:23","guid":{"rendered":"https:\/\/cristestimures.ro\/kapcsolat\/"},"modified":"2018-10-15T18:19:23","modified_gmt":"2018-10-15T18:19:23","slug":"kapcsolat","status":"publish","type":"page","link":"https:\/\/old.cristestimures.ro\/hu\/kapcsolat\/","title":{"rendered":"Kapcsolat"},"content":{"rendered":"<p><strong>C\u00edm<\/strong>: F\u0151\u00fat 678 sz\u00e1m, 547185,\u00a0<span class=\"xr_tl xr_s13\">Maros megye<\/span><br \/>\n<strong>Telefon:<\/strong>\u00a00265\/326112 \u2013 0365\/730678<br \/>\n<strong>Fax:<\/strong>\u00a00265\/326842 \u2013 0365\/730677<br \/>\n<strong>Email<\/strong>: cristesti@cjmures.ro<\/p>\n","protected":false},"excerpt":{"rendered":"<div class=\"mh-excerpt\"><p>C\u00edm: F\u0151\u00fat 678 sz\u00e1m, 547185,\u00a0Maros megye Telefon:\u00a00265\/326112 \u2013 0365\/730678 Fax:\u00a00265\/326842 \u2013 0365\/730677 Email: cristesti@cjmures.ro<\/p>\n<\/div>","protected":false},"author":3,"featured_media":0,"parent":0,"menu_order":7,"comment_status":"closed","ping_status":"closed","template":"","meta":{"footnotes":""},"class_list":["post-1112","page","type-page","status-publish"],"_links":{"self":[{"href":"https:\/\/old.cristestimures.ro\/hu\/wp-json\/wp\/v2\/pages\/1112","targetHints":{"allow":["GET"]}}],"collection":[{"href":"https:\/\/old.cristestimures.ro\/hu\/wp-json\/wp\/v2\/pages"}],"about":[{"href":"https:\/\/old.cristestimures.ro\/hu\/wp-json\/wp\/v2\/types\/page"}],"author":[{"embeddable":true,"href":"https:\/\/old.cristestimures.ro\/hu\/wp-json\/wp\/v2\/users\/3"}],"replies":[{"embeddable":true,"href":"https:\/\/old.cristestimures.ro\/hu\/wp-json\/wp\/v2\/comments?post=1112"}],"version-history":[{"count":0,"href":"https:\/\/old.cristestimures.ro\/hu\/wp-json\/wp\/v2\/pages\/1112\/revisions"}],"wp:attachment":[{"href":"https:\/\/old.cristestimures.ro\/hu\/wp-json\/wp\/v2\/media?parent=1112"}],"curies":[{"name":"wp","href":"https:\/\/api.w.org\/{rel}","templated":true}]}}