{"id":1108,"date":"2018-10-15T18:14:23","date_gmt":"2018-10-15T18:14:23","guid":{"rendered":"https:\/\/cristestimures.ro\/egyeb-kozerdeku-informaciok\/"},"modified":"2018-10-15T18:14:23","modified_gmt":"2018-10-15T18:14:23","slug":"egyeb-kozerdeku-informaciok","status":"publish","type":"page","link":"https:\/\/old.cristestimures.ro\/hu\/kozerdeku-informaciok\/egyeb-kozerdeku-informaciok\/","title":{"rendered":"Egy\u00e9b k\u00f6z\u00e9rdek\u0171 inform\u00e1ci\u00f3k"},"content":{"rendered":"<p><iframe loading=\"lazy\" src=\"https:\/\/app.citymanager.online\/_Extern\/listaAnunturi.aspx?ID=172b85ab-9e40-459b-b534-59c33552ca7b&#038;c=497\" width=\"100%\" height=\"2000px\" id=\"frameAnunturi497\"><\/iframe><\/p>\n","protected":false},"excerpt":{"rendered":"<div class=\"mh-excerpt\"><\/div>","protected":false},"author":3,"featured_media":0,"parent":1090,"menu_order":8,"comment_status":"closed","ping_status":"closed","template":"template-full.php","meta":{"footnotes":""},"class_list":["post-1108","page","type-page","status-publish"],"_links":{"self":[{"href":"https:\/\/old.cristestimures.ro\/hu\/wp-json\/wp\/v2\/pages\/1108","targetHints":{"allow":["GET"]}}],"collection":[{"href":"https:\/\/old.cristestimures.ro\/hu\/wp-json\/wp\/v2\/pages"}],"about":[{"href":"https:\/\/old.cristestimures.ro\/hu\/wp-json\/wp\/v2\/types\/page"}],"author":[{"embeddable":true,"href":"https:\/\/old.cristestimures.ro\/hu\/wp-json\/wp\/v2\/users\/3"}],"replies":[{"embeddable":true,"href":"https:\/\/old.cristestimures.ro\/hu\/wp-json\/wp\/v2\/comments?post=1108"}],"version-history":[{"count":0,"href":"https:\/\/old.cristestimures.ro\/hu\/wp-json\/wp\/v2\/pages\/1108\/revisions"}],"up":[{"embeddable":true,"href":"https:\/\/old.cristestimures.ro\/hu\/wp-json\/wp\/v2\/pages\/1090"}],"wp:attachment":[{"href":"https:\/\/old.cristestimures.ro\/hu\/wp-json\/wp\/v2\/media?parent=1108"}],"curies":[{"name":"wp","href":"https:\/\/api.w.org\/{rel}","templated":true}]}}