{"id":1106,"date":"2018-10-15T18:13:06","date_gmt":"2018-10-15T18:13:06","guid":{"rendered":"https:\/\/cristestimures.ro\/kozbeszerzesi-eljarasok\/"},"modified":"2018-10-15T18:13:06","modified_gmt":"2018-10-15T18:13:06","slug":"kozbeszerzesi-eljarasok","status":"publish","type":"page","link":"https:\/\/old.cristestimures.ro\/hu\/kozerdeku-informaciok\/kozbeszerzesi-eljarasok\/","title":{"rendered":"K\u00f6zbeszerz\u00e9si elj\u00e1r\u00e1sok"},"content":{"rendered":"<p><iframe loading=\"lazy\" id=\"frameAnunturi349\" src=\"https:\/\/app.citymanager.online\/_Extern\/listaAnunturi.aspx?ID=172b85ab-9e40-459b-b534-59c33552ca7b&amp;c=349\" width=\"100%\" height=\"1000px\"><\/iframe><\/p>\n","protected":false},"excerpt":{"rendered":"<div class=\"mh-excerpt\"><\/div>","protected":false},"author":3,"featured_media":0,"parent":1090,"menu_order":6,"comment_status":"closed","ping_status":"closed","template":"","meta":{"footnotes":""},"class_list":["post-1106","page","type-page","status-publish"],"_links":{"self":[{"href":"https:\/\/old.cristestimures.ro\/hu\/wp-json\/wp\/v2\/pages\/1106","targetHints":{"allow":["GET"]}}],"collection":[{"href":"https:\/\/old.cristestimures.ro\/hu\/wp-json\/wp\/v2\/pages"}],"about":[{"href":"https:\/\/old.cristestimures.ro\/hu\/wp-json\/wp\/v2\/types\/page"}],"author":[{"embeddable":true,"href":"https:\/\/old.cristestimures.ro\/hu\/wp-json\/wp\/v2\/users\/3"}],"replies":[{"embeddable":true,"href":"https:\/\/old.cristestimures.ro\/hu\/wp-json\/wp\/v2\/comments?post=1106"}],"version-history":[{"count":0,"href":"https:\/\/old.cristestimures.ro\/hu\/wp-json\/wp\/v2\/pages\/1106\/revisions"}],"up":[{"embeddable":true,"href":"https:\/\/old.cristestimures.ro\/hu\/wp-json\/wp\/v2\/pages\/1090"}],"wp:attachment":[{"href":"https:\/\/old.cristestimures.ro\/hu\/wp-json\/wp\/v2\/media?parent=1106"}],"curies":[{"name":"wp","href":"https:\/\/api.w.org\/{rel}","templated":true}]}}