{"id":1102,"date":"2018-10-15T18:11:32","date_gmt":"2018-10-15T18:11:32","guid":{"rendered":"https:\/\/cristestimures.ro\/visszanemteritendo-tamogatasok\/"},"modified":"2018-10-15T18:11:32","modified_gmt":"2018-10-15T18:11:32","slug":"visszanemteritendo-tamogatasok","status":"publish","type":"page","link":"https:\/\/old.cristestimures.ro\/hu\/kozerdeku-informaciok\/visszanemteritendo-tamogatasok\/","title":{"rendered":"Visszanemt\u00e9r\u00edtend\u0151 t\u00e1mogat\u00e1sok"},"content":{"rendered":"<p><iframe loading=\"lazy\" id=\"frameAnunturi352\" src=\"https:\/\/app.citymanager.online\/_Extern\/listaAnunturi.aspx?ID=172b85ab-9e40-459b-b534-59c33552ca7b&amp;c=352\" width=\"100%\" height=\"1000px\"><\/iframe><\/p>\n","protected":false},"excerpt":{"rendered":"<div class=\"mh-excerpt\"><\/div>","protected":false},"author":3,"featured_media":0,"parent":1090,"menu_order":4,"comment_status":"closed","ping_status":"closed","template":"","meta":{"footnotes":""},"class_list":["post-1102","page","type-page","status-publish"],"_links":{"self":[{"href":"https:\/\/old.cristestimures.ro\/hu\/wp-json\/wp\/v2\/pages\/1102","targetHints":{"allow":["GET"]}}],"collection":[{"href":"https:\/\/old.cristestimures.ro\/hu\/wp-json\/wp\/v2\/pages"}],"about":[{"href":"https:\/\/old.cristestimures.ro\/hu\/wp-json\/wp\/v2\/types\/page"}],"author":[{"embeddable":true,"href":"https:\/\/old.cristestimures.ro\/hu\/wp-json\/wp\/v2\/users\/3"}],"replies":[{"embeddable":true,"href":"https:\/\/old.cristestimures.ro\/hu\/wp-json\/wp\/v2\/comments?post=1102"}],"version-history":[{"count":0,"href":"https:\/\/old.cristestimures.ro\/hu\/wp-json\/wp\/v2\/pages\/1102\/revisions"}],"up":[{"embeddable":true,"href":"https:\/\/old.cristestimures.ro\/hu\/wp-json\/wp\/v2\/pages\/1090"}],"wp:attachment":[{"href":"https:\/\/old.cristestimures.ro\/hu\/wp-json\/wp\/v2\/media?parent=1102"}],"curies":[{"name":"wp","href":"https:\/\/api.w.org\/{rel}","templated":true}]}}