{"id":1090,"date":"2018-10-15T18:06:55","date_gmt":"2018-10-15T18:06:55","guid":{"rendered":"https:\/\/cristestimures.ro\/kozerdeku-informaciok\/"},"modified":"2021-03-19T14:18:18","modified_gmt":"2021-03-19T14:18:18","slug":"kozerdeku-informaciok","status":"publish","type":"page","link":"https:\/\/old.cristestimures.ro\/hu\/kozerdeku-informaciok\/","title":{"rendered":"K\u00f6z\u00e9rdek\u0171 inform\u00e1ci\u00f3k"},"content":{"rendered":"\n<!-- Page-list plugin v.5.9 wordpress.org\/plugins\/page-list\/ -->\n<ul class=\"page-list subpages-page-list \">\n<li class=\"page_item page-item-1416\"><a href=\"https:\/\/old.cristestimures.ro\/hu\/kozerdeku-informaciok\/romana-strategia-nationala-anticoruptie\/\">(Rom\u00e2n\u0103) Strategia Nationala Anticoruptie<\/a><\/li>\n<li class=\"page_item page-item-1123\"><a href=\"https:\/\/old.cristestimures.ro\/hu\/kozerdeku-informaciok\/betekinto\/\">Betekint\u0151<\/a><\/li>\n<li class=\"page_item page-item-1092\"><a href=\"https:\/\/old.cristestimures.ro\/hu\/kozerdeku-informaciok\/okmanyok-felszolitasok\/\">Okm\u00e1nyok &#8211; Felsz\u00f3l\u00edt\u00e1sok<\/a><\/li>\n<li class=\"page_item page-item-1094\"><a href=\"https:\/\/old.cristestimures.ro\/hu\/kozerdeku-informaciok\/betoltheto-allasok\/\">Bet\u00f6lthet\u0151 \u00e1ll\u00e1sok<\/a><\/li>\n<li class=\"page_item page-item-1425\"><a href=\"https:\/\/old.cristestimures.ro\/hu\/kozerdeku-informaciok\/romanaoferte-de-vanzare-terenuri-cf-lg-17-2014\/\">(Romana)Oferte de Vanzare terenuri cf.lg.17\/2014<\/a><\/li>\n<li class=\"page_item page-item-1102\"><a href=\"https:\/\/old.cristestimures.ro\/hu\/kozerdeku-informaciok\/visszanemteritendo-tamogatasok\/\">Visszanemt\u00e9r\u00edtend\u0151 t\u00e1mogat\u00e1sok<\/a><\/li>\n<li class=\"page_item page-item-1104 page_item_has_children\"><a href=\"https:\/\/old.cristestimures.ro\/hu\/kozerdeku-informaciok\/kozbeszerzesi-hirdetmenyek\/\">K\u00f6zbeszerz\u00e9si hirdetm\u00e9nyek<\/a>\n<ul class='children'>\n\t<li class=\"page_item page-item-1430\"><a href=\"https:\/\/old.cristestimures.ro\/hu\/kozerdeku-informaciok\/kozbeszerzesi-hirdetmenyek\/romana-achizitii-publice-programul-anual-al-achizitiilor-publice\/\">(Rom\u00e2n\u0103) Achizitii Publice \u2013 Programul anual al achizitiilor publice<\/a><\/li>\n\t<li class=\"page_item page-item-1432\"><a href=\"https:\/\/old.cristestimures.ro\/hu\/kozerdeku-informaciok\/kozbeszerzesi-hirdetmenyek\/romana-achizitii-publice-centralizatorul-achizitiilor-publice-si-contractele-cu-valoare-de-peste-5000-de-euro-conform-anexe\/\">(Rom\u00e2n\u0103) Achizitii Publice \u2013 Centralizatorul achizitiilor publice si contractele cu valoare de peste 5000 de euro, conform anexe<\/a><\/li>\n\t<li class=\"page_item page-item-1434\"><a href=\"https:\/\/old.cristestimures.ro\/hu\/kozerdeku-informaciok\/kozbeszerzesi-hirdetmenyek\/romana-achizitii-publice-contractele-cu-valoare-de-peste-5000-de-euro-incepand-cu-anul-2015\/\">(Rom\u00e2n\u0103) Achizitii Publice \u2013 Contractele cu valoare de peste 5000 de euro (incepand cu anul 2015)<\/a><\/li>\n<\/ul>\n<\/li>\n<li class=\"page_item page-item-1106\"><a href=\"https:\/\/old.cristestimures.ro\/hu\/kozerdeku-informaciok\/kozbeszerzesi-eljarasok\/\">K\u00f6zbeszerz\u00e9si elj\u00e1r\u00e1sok<\/a><\/li>\n<li class=\"page_item page-item-1070\"><a href=\"https:\/\/old.cristestimures.ro\/hu\/kozerdeku-informaciok\/vagyon-es-erdeknyilatkozatok\/\">Vagyon \u00e9s \u00e9rdeknyilatkozatok<\/a><\/li>\n<li class=\"page_item page-item-1108\"><a href=\"https:\/\/old.cristestimures.ro\/hu\/kozerdeku-informaciok\/egyeb-kozerdeku-informaciok\/\">Egy\u00e9b k\u00f6z\u00e9rdek\u0171 inform\u00e1ci\u00f3k<\/a><\/li>\n<li class=\"page_item page-item-1110\"><a href=\"https:\/\/old.cristestimures.ro\/hu\/kozerdeku-informaciok\/formanyomtatvanyok\/\">Formanyomtatv\u00e1nyok<\/a><\/li>\n<li class=\"page_item page-item-1436\"><a href=\"https:\/\/old.cristestimures.ro\/hu\/kozerdeku-informaciok\/romana-asistent-comunitar\/\">(Rom\u00e2n\u0103) Asistent comunitar<\/a><\/li>\n<li class=\"page_item page-item-1144\"><a href=\"https:\/\/old.cristestimures.ro\/hu\/kozerdeku-informaciok\/por-a-maroskereszturi-altalanos-iskola-epuletenek-bovitese-es-modernizalasa\/\">POR Extinderea \u0219i modernizarea cl\u0103dirii \u0218colii Gimnaziale Criste\u0219ti<\/a><\/li>\n\n<\/ul>\n","protected":false},"excerpt":{"rendered":"<div class=\"mh-excerpt\"><\/div>","protected":false},"author":3,"featured_media":0,"parent":0,"menu_order":6,"comment_status":"closed","ping_status":"closed","template":"","meta":{"footnotes":""},"class_list":["post-1090","page","type-page","status-publish"],"_links":{"self":[{"href":"https:\/\/old.cristestimures.ro\/hu\/wp-json\/wp\/v2\/pages\/1090","targetHints":{"allow":["GET"]}}],"collection":[{"href":"https:\/\/old.cristestimures.ro\/hu\/wp-json\/wp\/v2\/pages"}],"about":[{"href":"https:\/\/old.cristestimures.ro\/hu\/wp-json\/wp\/v2\/types\/page"}],"author":[{"embeddable":true,"href":"https:\/\/old.cristestimures.ro\/hu\/wp-json\/wp\/v2\/users\/3"}],"replies":[{"embeddable":true,"href":"https:\/\/old.cristestimures.ro\/hu\/wp-json\/wp\/v2\/comments?post=1090"}],"version-history":[{"count":1,"href":"https:\/\/old.cristestimures.ro\/hu\/wp-json\/wp\/v2\/pages\/1090\/revisions"}],"predecessor-version":[{"id":1415,"href":"https:\/\/old.cristestimures.ro\/hu\/wp-json\/wp\/v2\/pages\/1090\/revisions\/1415"}],"wp:attachment":[{"href":"https:\/\/old.cristestimures.ro\/hu\/wp-json\/wp\/v2\/media?parent=1090"}],"curies":[{"name":"wp","href":"https:\/\/api.w.org\/{rel}","templated":true}]}}