{"id":1086,"date":"2018-10-15T17:35:00","date_gmt":"2018-10-15T17:35:00","guid":{"rendered":"https:\/\/cristestimures.ro\/tevekenysegi-beszamolok\/"},"modified":"2018-10-15T17:35:00","modified_gmt":"2018-10-15T17:35:00","slug":"tevekenysegi-beszamolok","status":"publish","type":"page","link":"https:\/\/old.cristestimures.ro\/hu\/helyi-tanacs\/tevekenysegi-beszamolok\/","title":{"rendered":"Tev\u00e9kenys\u00e9gi besz\u00e1mol\u00f3k"},"content":{"rendered":"<p><iframe loading=\"lazy\" id=\"frameAnunturi340\" src=\"https:\/\/app.citymanager.online\/_Extern\/listaAnunturi.aspx?ID=172b85ab-9e40-459b-b534-59c33552ca7b&amp;c=340\" width=\"100%\" height=\"1000px\"><\/iframe><\/p>\n","protected":false},"excerpt":{"rendered":"<div class=\"mh-excerpt\"><\/div>","protected":false},"author":3,"featured_media":0,"parent":1072,"menu_order":7,"comment_status":"closed","ping_status":"closed","template":"","meta":{"footnotes":""},"class_list":["post-1086","page","type-page","status-publish"],"_links":{"self":[{"href":"https:\/\/old.cristestimures.ro\/hu\/wp-json\/wp\/v2\/pages\/1086","targetHints":{"allow":["GET"]}}],"collection":[{"href":"https:\/\/old.cristestimures.ro\/hu\/wp-json\/wp\/v2\/pages"}],"about":[{"href":"https:\/\/old.cristestimures.ro\/hu\/wp-json\/wp\/v2\/types\/page"}],"author":[{"embeddable":true,"href":"https:\/\/old.cristestimures.ro\/hu\/wp-json\/wp\/v2\/users\/3"}],"replies":[{"embeddable":true,"href":"https:\/\/old.cristestimures.ro\/hu\/wp-json\/wp\/v2\/comments?post=1086"}],"version-history":[{"count":0,"href":"https:\/\/old.cristestimures.ro\/hu\/wp-json\/wp\/v2\/pages\/1086\/revisions"}],"up":[{"embeddable":true,"href":"https:\/\/old.cristestimures.ro\/hu\/wp-json\/wp\/v2\/pages\/1072"}],"wp:attachment":[{"href":"https:\/\/old.cristestimures.ro\/hu\/wp-json\/wp\/v2\/media?parent=1086"}],"curies":[{"name":"wp","href":"https:\/\/api.w.org\/{rel}","templated":true}]}}