{"id":1074,"date":"2018-10-15T15:54:20","date_gmt":"2018-10-15T15:54:20","guid":{"rendered":"https:\/\/cristestimures.ro\/osszetetel\/"},"modified":"2018-10-15T15:54:20","modified_gmt":"2018-10-15T15:54:20","slug":"osszetetel","status":"publish","type":"page","link":"https:\/\/old.cristestimures.ro\/hu\/helyi-tanacs\/osszetetel\/","title":{"rendered":"\u00d6sszet\u00e9tel"},"content":{"rendered":"<p>2018<\/p>\n<table>\n<tbody>\n<tr>\n<td><b>Nr.crt<\/b><\/td>\n<td><b>N\u00e9v<\/b><\/td>\n<\/tr>\n<tr>\n<td><span style=\"font-weight: 400;\">1<\/span><\/td>\n<td><span style=\"font-weight: 400;\">Bereczki Zal\u00e1n \u2013 RMDSZ<\/span><\/td>\n<\/tr>\n<tr>\n<td><span style=\"font-weight: 400;\">2<\/span><\/td>\n<td><span style=\"font-weight: 400;\">Cseh Zolt\u00e1n \u2013 RMDSZ<\/span><\/td>\n<\/tr>\n<tr>\n<td><span style=\"font-weight: 400;\">3<\/span><\/td>\n<td><span style=\"font-weight: 400;\">Gid\u00f3falvi L\u00f3r\u00e1nd L\u00e1szl\u00f3 \u2013 RMDSZ<\/span><\/td>\n<\/tr>\n<tr>\n<td><span style=\"font-weight: 400;\">4<\/span><\/td>\n<td><span style=\"font-weight: 400;\">J\u00e1nosi M\u00e1ria \u2013 RMDSZ<\/span><\/td>\n<\/tr>\n<tr>\n<td><span style=\"font-weight: 400;\">5<\/span><\/td>\n<td><span style=\"font-weight: 400;\">Madar\u00e1sz Jen\u0151 Szabolcs \u2013 RMDSZ<\/span><\/td>\n<\/tr>\n<tr>\n<td><span style=\"font-weight: 400;\">6<\/span><\/td>\n<td><span style=\"font-weight: 400;\">Nagy Hunor \u2013 RMDSZ<\/span><\/td>\n<\/tr>\n<tr>\n<td><span style=\"font-weight: 400;\">7<\/span><\/td>\n<td><span style=\"font-weight: 400;\">Alm\u0103\u0219an Emil \u2013 PSD<\/span><\/td>\n<\/tr>\n<tr>\n<td><span style=\"font-weight: 400;\">8<\/span><\/td>\n<td><span style=\"font-weight: 400;\">Belean Manuel \u2013 PSD<\/span><\/td>\n<\/tr>\n<tr>\n<td><span style=\"font-weight: 400;\">9<\/span><\/td>\n<td><span style=\"font-weight: 400;\">Mailat Viorel Ioan \u2013 PSD<\/span><\/td>\n<\/tr>\n<tr>\n<td><span style=\"font-weight: 400;\">10<\/span><\/td>\n<td><span style=\"font-weight: 400;\">Obreja Ioan \u2013 PSD<\/span><\/td>\n<\/tr>\n<tr>\n<td><span style=\"font-weight: 400;\">11<\/span><\/td>\n<td><span style=\"font-weight: 400;\">Bian Ilarie \u2013 PNL<\/span><\/td>\n<\/tr>\n<tr>\n<td><span style=\"font-weight: 400;\">12<\/span><\/td>\n<td><span style=\"font-weight: 400;\">C\u0103m\u0103r\u0103\u0219an Ioan \u2013 PNL<\/span><\/td>\n<\/tr>\n<tr>\n<td><span style=\"font-weight: 400;\">13<\/span><\/td>\n<td><span style=\"font-weight: 400;\">Chiorean Anghel \u2013 PNL<\/span><\/td>\n<\/tr>\n<tr>\n<td><span style=\"font-weight: 400;\">14<\/span><\/td>\n<td><span style=\"font-weight: 400;\">Mure\u0219an Ionel Nicolae \u2013 PRU<\/span><\/td>\n<\/tr>\n<tr>\n<td><span style=\"font-weight: 400;\">15<\/span><\/td>\n<td><span style=\"font-weight: 400;\">Vas Avram Stelian \u2013 PRU<\/span><\/td>\n<\/tr>\n<tr>\n<td><span style=\"font-weight: 400;\">16<\/span><\/td>\n<td><span style=\"font-weight: 400;\">Csegzi Attila \u2013 PPMT<\/span><\/td>\n<\/tr>\n<tr>\n<td><b>Nr.crt<\/b><\/td>\n<td><b>N\u00e9v<\/b><\/td>\n<\/tr>\n<tr>\n<td><span style=\"font-weight: 400;\">1<\/span><\/td>\n<td><span style=\"font-weight: 400;\">Bereczki Zal\u00e1n \u2013 UDMR<\/span><\/td>\n<\/tr>\n<\/tbody>\n<\/table>\n<p>&nbsp;<\/p>\n<p>&nbsp;<\/p>\n<p>2017<\/p>\n<table>\n<tbody>\n<tr>\n<td><span style=\"font-weight: 400;\">2<\/span><\/td>\n<td><span style=\"font-weight: 400;\">Cseh Zolt\u00e1n \u2013 RMDSZ<\/span><\/td>\n<\/tr>\n<tr>\n<td><span style=\"font-weight: 400;\">3<\/span><\/td>\n<td><span style=\"font-weight: 400;\">Gid\u00f3falvi L\u00f3r\u00e1nd L\u00e1szl\u00f3 \u2013 RMDSZ<\/span><\/td>\n<\/tr>\n<tr>\n<td><span style=\"font-weight: 400;\">4<\/span><\/td>\n<td><span style=\"font-weight: 400;\">J\u00e1nosi M\u00e1ria \u2013 RMDSZ<\/span><\/td>\n<\/tr>\n<tr>\n<td><span style=\"font-weight: 400;\">5<\/span><\/td>\n<td><span style=\"font-weight: 400;\">Madar\u00e1sz Jen\u0151 Szabolcs \u2013 RMDSZ<\/span><\/td>\n<\/tr>\n<tr>\n<td><span style=\"font-weight: 400;\">6<\/span><\/td>\n<td><span style=\"font-weight: 400;\">Nagy Hunor \u2013 RMDSZ<\/span><\/td>\n<\/tr>\n<tr>\n<td><span style=\"font-weight: 400;\">7<\/span><\/td>\n<td><span style=\"font-weight: 400;\">Alm\u0103\u0219an Emil \u2013 PSD<\/span><\/td>\n<\/tr>\n<tr>\n<td><span style=\"font-weight: 400;\">8<\/span><\/td>\n<td><span style=\"font-weight: 400;\">Belean Manuel \u2013 PSD<\/span><\/td>\n<\/tr>\n<tr>\n<td><span style=\"font-weight: 400;\">9<\/span><\/td>\n<td><span style=\"font-weight: 400;\">Mailat Viorel Ioan \u2013 PSD<\/span><\/td>\n<\/tr>\n<tr>\n<td><span style=\"font-weight: 400;\">10<\/span><\/td>\n<td><span style=\"font-weight: 400;\">Obreja Ioan \u2013 PSD<\/span><\/td>\n<\/tr>\n<tr>\n<td><span style=\"font-weight: 400;\">11<\/span><\/td>\n<td><span style=\"font-weight: 400;\">Bian Ilarie \u2013 PNL<\/span><\/td>\n<\/tr>\n<tr>\n<td><span style=\"font-weight: 400;\">12<\/span><\/td>\n<td><span style=\"font-weight: 400;\">C\u0103m\u0103r\u0103\u0219an Ioan \u2013 PNL<\/span><\/td>\n<\/tr>\n<tr>\n<td><span style=\"font-weight: 400;\">13<\/span><\/td>\n<td><span style=\"font-weight: 400;\">Chiorean Anghel \u2013 PNL<\/span><\/td>\n<\/tr>\n<tr>\n<td><span style=\"font-weight: 400;\">14<\/span><\/td>\n<td><span style=\"font-weight: 400;\">Mure\u0219an Ionel Nicolae \u2013 PRU<\/span><\/td>\n<\/tr>\n<tr>\n<td><span style=\"font-weight: 400;\">15<\/span><\/td>\n<td><span style=\"font-weight: 400;\">Vas Avram Stelian \u2013 PRU<\/span><\/td>\n<\/tr>\n<tr>\n<td><span style=\"font-weight: 400;\">16<\/span><\/td>\n<td><span style=\"font-weight: 400;\">Csegzi Attila \u2013 PPMT<\/span><\/td>\n<\/tr>\n<\/tbody>\n<\/table>\n","protected":false},"excerpt":{"rendered":"<div class=\"mh-excerpt\"><p>2018 Nr.crt N\u00e9v 1 Bereczki Zal\u00e1n \u2013 RMDSZ 2 Cseh Zolt\u00e1n \u2013 RMDSZ 3 Gid\u00f3falvi L\u00f3r\u00e1nd L\u00e1szl\u00f3 \u2013 RMDSZ 4 J\u00e1nosi M\u00e1ria \u2013 RMDSZ 5 Madar\u00e1sz Jen\u0151 Szabolcs \u2013 RMDSZ 6 Nagy Hunor \u2013 RMDSZ <a class=\"mh-excerpt-more\" href=\"https:\/\/old.cristestimures.ro\/hu\/helyi-tanacs\/osszetetel\/\" title=\"\u00d6sszet\u00e9tel\">[&#8230;]<\/a><\/p>\n<\/div>","protected":false},"author":3,"featured_media":0,"parent":1072,"menu_order":1,"comment_status":"closed","ping_status":"closed","template":"","meta":{"footnotes":""},"class_list":["post-1074","page","type-page","status-publish"],"_links":{"self":[{"href":"https:\/\/old.cristestimures.ro\/hu\/wp-json\/wp\/v2\/pages\/1074","targetHints":{"allow":["GET"]}}],"collection":[{"href":"https:\/\/old.cristestimures.ro\/hu\/wp-json\/wp\/v2\/pages"}],"about":[{"href":"https:\/\/old.cristestimures.ro\/hu\/wp-json\/wp\/v2\/types\/page"}],"author":[{"embeddable":true,"href":"https:\/\/old.cristestimures.ro\/hu\/wp-json\/wp\/v2\/users\/3"}],"replies":[{"embeddable":true,"href":"https:\/\/old.cristestimures.ro\/hu\/wp-json\/wp\/v2\/comments?post=1074"}],"version-history":[{"count":0,"href":"https:\/\/old.cristestimures.ro\/hu\/wp-json\/wp\/v2\/pages\/1074\/revisions"}],"up":[{"embeddable":true,"href":"https:\/\/old.cristestimures.ro\/hu\/wp-json\/wp\/v2\/pages\/1072"}],"wp:attachment":[{"href":"https:\/\/old.cristestimures.ro\/hu\/wp-json\/wp\/v2\/media?parent=1074"}],"curies":[{"name":"wp","href":"https:\/\/api.w.org\/{rel}","templated":true}]}}