{"id":1072,"date":"2018-10-15T15:52:23","date_gmt":"2018-10-15T15:52:23","guid":{"rendered":"https:\/\/cristestimures.ro\/helyi-tanacs\/"},"modified":"2021-03-19T13:47:27","modified_gmt":"2021-03-19T13:47:27","slug":"helyi-tanacs","status":"publish","type":"page","link":"https:\/\/old.cristestimures.ro\/hu\/helyi-tanacs\/","title":{"rendered":"Helyi tan\u00e1cs"},"content":{"rendered":"\n<!-- Page-list plugin v.5.9 wordpress.org\/plugins\/page-list\/ -->\n<ul class=\"page-list subpages-page-list \">\n<li class=\"page_item page-item-1074\"><a href=\"https:\/\/old.cristestimures.ro\/hu\/helyi-tanacs\/osszetetel\/\">\u00d6sszet\u00e9tel<\/a><\/li>\n<li class=\"page_item page-item-1076\"><a href=\"https:\/\/old.cristestimures.ro\/hu\/helyi-tanacs\/hatarozatok\/\">Hat\u00e1rozatok<\/a><\/li>\n<li class=\"page_item page-item-1078\"><a href=\"https:\/\/old.cristestimures.ro\/hu\/helyi-tanacs\/hatarozattervezetek\/\">Hat\u00e1rozattervezetek<\/a><\/li>\n<li class=\"page_item page-item-1080\"><a href=\"https:\/\/old.cristestimures.ro\/hu\/helyi-tanacs\/helyi-tanacs-osszehivok\/\">Helyi tan\u00e1cs \u00f6sszeh\u00edv\u00f3k<\/a><\/li>\n<li class=\"page_item page-item-1082\"><a href=\"https:\/\/old.cristestimures.ro\/hu\/helyi-tanacs\/jegyzokonyvek\/\">Jegyz\u0151k\u00f6nyvek<\/a><\/li>\n<li class=\"page_item page-item-1084\"><a href=\"https:\/\/old.cristestimures.ro\/hu\/helyi-tanacs\/vagyon-es-erdeknyilatkozatok\/\">Vagyon \u00e9s \u00e9rdeknyilatkozatok<\/a><\/li>\n<li class=\"page_item page-item-1086\"><a href=\"https:\/\/old.cristestimures.ro\/hu\/helyi-tanacs\/tevekenysegi-beszamolok\/\">Tev\u00e9kenys\u00e9gi besz\u00e1mol\u00f3k<\/a><\/li>\n\n<\/ul>\n","protected":false},"excerpt":{"rendered":"<div class=\"mh-excerpt\"><\/div>","protected":false},"author":3,"featured_media":0,"parent":0,"menu_order":4,"comment_status":"closed","ping_status":"closed","template":"","meta":{"footnotes":""},"class_list":["post-1072","page","type-page","status-publish"],"_links":{"self":[{"href":"https:\/\/old.cristestimures.ro\/hu\/wp-json\/wp\/v2\/pages\/1072","targetHints":{"allow":["GET"]}}],"collection":[{"href":"https:\/\/old.cristestimures.ro\/hu\/wp-json\/wp\/v2\/pages"}],"about":[{"href":"https:\/\/old.cristestimures.ro\/hu\/wp-json\/wp\/v2\/types\/page"}],"author":[{"embeddable":true,"href":"https:\/\/old.cristestimures.ro\/hu\/wp-json\/wp\/v2\/users\/3"}],"replies":[{"embeddable":true,"href":"https:\/\/old.cristestimures.ro\/hu\/wp-json\/wp\/v2\/comments?post=1072"}],"version-history":[{"count":1,"href":"https:\/\/old.cristestimures.ro\/hu\/wp-json\/wp\/v2\/pages\/1072\/revisions"}],"predecessor-version":[{"id":1403,"href":"https:\/\/old.cristestimures.ro\/hu\/wp-json\/wp\/v2\/pages\/1072\/revisions\/1403"}],"wp:attachment":[{"href":"https:\/\/old.cristestimures.ro\/hu\/wp-json\/wp\/v2\/media?parent=1072"}],"curies":[{"name":"wp","href":"https:\/\/api.w.org\/{rel}","templated":true}]}}