{"id":1036,"date":"2018-10-11T16:29:01","date_gmt":"2018-10-11T16:29:01","guid":{"rendered":"https:\/\/cristestimures.ro\/penzugy\/"},"modified":"2021-03-18T15:36:09","modified_gmt":"2021-03-18T15:36:09","slug":"penzugy","status":"publish","type":"page","link":"https:\/\/old.cristestimures.ro\/hu\/polgarmesteri-hivatal\/szakhatosagok\/penzugy\/","title":{"rendered":"P\u00e9nz\u00fcgy"},"content":{"rendered":"<p><span style=\"font-weight: 400;\">Strada Principala, nr. 678, Cod postal: 547185,\u00a0 Judet: Mure\u0219<\/span><\/p>\n<p><b>Telefon:<\/b><span style=\"font-weight: 400;\"> 0265\/326112 \u2013 0365\/730678<\/span><span style=\"font-weight: 400;\"><br \/>\n<\/span><b>Fax:<\/b><span style=\"font-weight: 400;\"> 0265\/326842 \u2013 0365\/730677<\/span><\/p>\n<p><b>E-mail: <\/b><a href=\"mailto:contabilitate@cristestimures.ro\"><span style=\"font-weight: 400;\">contabilitate@cristestimures.ro<\/span><\/a><\/p>\n\n<!-- Page-list plugin v.5.9 wordpress.org\/plugins\/page-list\/ -->\n<ul class=\"page-list subpages-page-list \">\n<li class=\"page_item page-item-1038\"><a href=\"https:\/\/old.cristestimures.ro\/hu\/polgarmesteri-hivatal\/szakhatosagok\/penzugy\/penzugyi-jelentesek\/\">P\u00e9nz\u00fcgyi jelent\u00e9sek<\/a><\/li>\n\n<\/ul>\n<p>&nbsp;<\/p>\n","protected":false},"excerpt":{"rendered":"<div class=\"mh-excerpt\"><p>Strada Principala, nr. 678, Cod postal: 547185,\u00a0 Judet: Mure\u0219 Telefon: 0265\/326112 \u2013 0365\/730678 Fax: 0265\/326842 \u2013 0365\/730677 E-mail: contabilitate@cristestimures.ro &nbsp;<\/p>\n<\/div>","protected":false},"author":3,"featured_media":0,"parent":1034,"menu_order":7,"comment_status":"closed","ping_status":"closed","template":"","meta":{"footnotes":""},"class_list":["post-1036","page","type-page","status-publish"],"_links":{"self":[{"href":"https:\/\/old.cristestimures.ro\/hu\/wp-json\/wp\/v2\/pages\/1036","targetHints":{"allow":["GET"]}}],"collection":[{"href":"https:\/\/old.cristestimures.ro\/hu\/wp-json\/wp\/v2\/pages"}],"about":[{"href":"https:\/\/old.cristestimures.ro\/hu\/wp-json\/wp\/v2\/types\/page"}],"author":[{"embeddable":true,"href":"https:\/\/old.cristestimures.ro\/hu\/wp-json\/wp\/v2\/users\/3"}],"replies":[{"embeddable":true,"href":"https:\/\/old.cristestimures.ro\/hu\/wp-json\/wp\/v2\/comments?post=1036"}],"version-history":[{"count":1,"href":"https:\/\/old.cristestimures.ro\/hu\/wp-json\/wp\/v2\/pages\/1036\/revisions"}],"predecessor-version":[{"id":1337,"href":"https:\/\/old.cristestimures.ro\/hu\/wp-json\/wp\/v2\/pages\/1036\/revisions\/1337"}],"up":[{"embeddable":true,"href":"https:\/\/old.cristestimures.ro\/hu\/wp-json\/wp\/v2\/pages\/1034"}],"wp:attachment":[{"href":"https:\/\/old.cristestimures.ro\/hu\/wp-json\/wp\/v2\/media?parent=1036"}],"curies":[{"name":"wp","href":"https:\/\/api.w.org\/{rel}","templated":true}]}}