{"id":1034,"date":"2018-10-11T16:28:11","date_gmt":"2018-10-11T16:28:11","guid":{"rendered":"https:\/\/cristestimures.ro\/szakhatosagok\/"},"modified":"2021-03-18T15:34:29","modified_gmt":"2021-03-18T15:34:29","slug":"szakhatosagok","status":"publish","type":"page","link":"https:\/\/old.cristestimures.ro\/hu\/polgarmesteri-hivatal\/szakhatosagok\/","title":{"rendered":"Szakhat\u00f3s\u00e1gok"},"content":{"rendered":"\n<!-- Page-list plugin v.5.9 wordpress.org\/plugins\/page-list\/ -->\n<ul class=\"page-list subpages-page-list \">\n<li class=\"page_item page-item-1050 page_item_has_children\"><a href=\"https:\/\/old.cristestimures.ro\/hu\/polgarmesteri-hivatal\/szakhatosagok\/registrul-agricol\/\">Mez\u0151gazdas\u00e1gi \u00fcgyn\u00f6k<\/a>\n<ul class='children'>\n\t<li class=\"page_item page-item-1052\"><a href=\"https:\/\/old.cristestimures.ro\/hu\/polgarmesteri-hivatal\/szakhatosagok\/registrul-agricol\/hasznos-dokumentumok-m-mezogazdasagi-regiszter\/\">Hasznos dokumentumok &#8211; M Mez\u0151gazdas\u00e1gi regiszter<\/a><\/li>\n<\/ul>\n<\/li>\n<li class=\"page_item page-item-1018\"><a href=\"https:\/\/old.cristestimures.ro\/hu\/polgarmesteri-hivatal\/szakhatosagok\/szervezeti-felepites\/\">Szervezeti fel\u00e9p\u00edt\u00e9s<\/a><\/li>\n<li class=\"page_item page-item-1393 page_item_has_children\"><a href=\"https:\/\/old.cristestimures.ro\/hu\/polgarmesteri-hivatal\/szakhatosagok\/romanaasistenta-sociala\/\">(Rom\u00e2n\u0103)Asistenta Sociala<\/a>\n<ul class='children'>\n\t<li class=\"page_item page-item-1396\"><a href=\"https:\/\/old.cristestimures.ro\/hu\/polgarmesteri-hivatal\/szakhatosagok\/romanaasistenta-sociala\/romana-documente-utile\/\">(Rom\u00e2n\u0103) Documente utile<\/a><\/li>\n<\/ul>\n<\/li>\n<li class=\"page_item page-item-1036 page_item_has_children\"><a href=\"https:\/\/old.cristestimures.ro\/hu\/polgarmesteri-hivatal\/szakhatosagok\/penzugy\/\">P\u00e9nz\u00fcgy<\/a>\n<ul class='children'>\n\t<li class=\"page_item page-item-1038\"><a href=\"https:\/\/old.cristestimures.ro\/hu\/polgarmesteri-hivatal\/szakhatosagok\/penzugy\/penzugyi-jelentesek\/\">P\u00e9nz\u00fcgyi jelent\u00e9sek<\/a><\/li>\n<\/ul>\n<\/li>\n<li class=\"page_item page-item-1046 page_item_has_children\"><a href=\"https:\/\/old.cristestimures.ro\/hu\/polgarmesteri-hivatal\/szakhatosagok\/adok-es-illetekek\/\">Ad\u00f3k \u00e9s illet\u00e9kek<\/a>\n<ul class='children'>\n\t<li class=\"page_item page-item-1048\"><a href=\"https:\/\/old.cristestimures.ro\/hu\/polgarmesteri-hivatal\/szakhatosagok\/adok-es-illetekek\/formanyomtatvanyok-adok-es-illetekek\/\">Formanyomtatv\u00e1nyok &#8211; Ad\u00f3k \u00e9s illet\u00e9kek<\/a><\/li>\n<\/ul>\n<\/li>\n<li class=\"page_item page-item-1040 page_item_has_children\"><a href=\"https:\/\/old.cristestimures.ro\/hu\/polgarmesteri-hivatal\/szakhatosagok\/human-eroforrasok\/\">Hum\u00e1n er\u0151forr\u00e1sok<\/a>\n<ul class='children'>\n\t<li class=\"page_item page-item-1042\"><a href=\"https:\/\/old.cristestimures.ro\/hu\/polgarmesteri-hivatal\/szakhatosagok\/human-eroforrasok\/153-2017-es-torveny\/\">153\/2017-es t\u00f6rv\u00e9ny<\/a><\/li>\n\t<li class=\"page_item page-item-1044\"><a href=\"https:\/\/old.cristestimures.ro\/hu\/polgarmesteri-hivatal\/szakhatosagok\/human-eroforrasok\/hasznos-dokumentumok\/\">Hasznos dokumentumok<\/a><\/li>\n<\/ul>\n<\/li>\n<li class=\"page_item page-item-1064 page_item_has_children\"><a href=\"https:\/\/old.cristestimures.ro\/hu\/polgarmesteri-hivatal\/szakhatosagok\/kozbeszerzesi-osztaly\/\">K\u00f6zbeszerz\u00e9si oszt\u00e1ly<\/a>\n<ul class='children'>\n\t<li class=\"page_item page-item-1068\"><a href=\"https:\/\/old.cristestimures.ro\/hu\/polgarmesteri-hivatal\/szakhatosagok\/kozbeszerzesi-osztaly\/kozbeszerzesi-hirdetmenyek\/\">K\u00f6zbeszerz\u00e9si hirdetm\u00e9nyek<\/a><\/li>\n\t<li class=\"page_item page-item-1066\"><a href=\"https:\/\/old.cristestimures.ro\/hu\/polgarmesteri-hivatal\/szakhatosagok\/kozbeszerzesi-osztaly\/kozbeszerzesi-eljarasok\/\">K\u00f6zbeszerz\u00e9si elj\u00e1r\u00e1sok<\/a><\/li>\n<\/ul>\n<\/li>\n<li class=\"page_item page-item-1054 page_item_has_children\"><a href=\"https:\/\/old.cristestimures.ro\/hu\/polgarmesteri-hivatal\/szakhatosagok\/urbanizmus\/\">Urbanizmus<\/a>\n<ul class='children'>\n\t<li class=\"page_item page-item-1056\"><a href=\"https:\/\/old.cristestimures.ro\/hu\/polgarmesteri-hivatal\/szakhatosagok\/urbanizmus\/hasznos-varosrendeszeti-tudnivalok\/\">Hasznos v\u00e1rosrend\u00e9szeti tudnival\u00f3k<\/a><\/li>\n<\/ul>\n<\/li>\n<li class=\"page_item page-item-1058 page_item_has_children\"><a href=\"https:\/\/old.cristestimures.ro\/hu\/polgarmesteri-hivatal\/szakhatosagok\/anyakonyvi-hivatal\/\">Anyak\u00f6nyvi hivatal<\/a>\n<ul class='children'>\n\t<li class=\"page_item page-item-1060\"><a href=\"https:\/\/old.cristestimures.ro\/hu\/polgarmesteri-hivatal\/szakhatosagok\/anyakonyvi-hivatal\/hazzassagkoteshez-szukseges-iratok\/\">H\u00e1zzass\u00e1gk\u00f6t\u00e9shez sz\u00fcks\u00e9ges iratok<\/a><\/li>\n\t<li class=\"page_item page-item-1062\"><a href=\"https:\/\/old.cristestimures.ro\/hu\/polgarmesteri-hivatal\/szakhatosagok\/anyakonyvi-hivatal\/hazassagi-szandek-bejelentesek\/\">H\u00e1zass\u00e1gi sz\u00e1nd\u00e9k bejelent\u00e9sek<\/a><\/li>\n<\/ul>\n<\/li>\n\n<\/ul>\n","protected":false},"excerpt":{"rendered":"<div class=\"mh-excerpt\"><\/div>","protected":false},"author":3,"featured_media":0,"parent":1016,"menu_order":3,"comment_status":"closed","ping_status":"closed","template":"","meta":{"footnotes":""},"class_list":["post-1034","page","type-page","status-publish"],"_links":{"self":[{"href":"https:\/\/old.cristestimures.ro\/hu\/wp-json\/wp\/v2\/pages\/1034","targetHints":{"allow":["GET"]}}],"collection":[{"href":"https:\/\/old.cristestimures.ro\/hu\/wp-json\/wp\/v2\/pages"}],"about":[{"href":"https:\/\/old.cristestimures.ro\/hu\/wp-json\/wp\/v2\/types\/page"}],"author":[{"embeddable":true,"href":"https:\/\/old.cristestimures.ro\/hu\/wp-json\/wp\/v2\/users\/3"}],"replies":[{"embeddable":true,"href":"https:\/\/old.cristestimures.ro\/hu\/wp-json\/wp\/v2\/comments?post=1034"}],"version-history":[{"count":1,"href":"https:\/\/old.cristestimures.ro\/hu\/wp-json\/wp\/v2\/pages\/1034\/revisions"}],"predecessor-version":[{"id":1334,"href":"https:\/\/old.cristestimures.ro\/hu\/wp-json\/wp\/v2\/pages\/1034\/revisions\/1334"}],"up":[{"embeddable":true,"href":"https:\/\/old.cristestimures.ro\/hu\/wp-json\/wp\/v2\/pages\/1016"}],"wp:attachment":[{"href":"https:\/\/old.cristestimures.ro\/hu\/wp-json\/wp\/v2\/media?parent=1034"}],"curies":[{"name":"wp","href":"https:\/\/api.w.org\/{rel}","templated":true}]}}