{"id":1020,"date":"2018-10-11T16:20:29","date_gmt":"2018-10-11T16:20:29","guid":{"rendered":"https:\/\/cristestimures.ro\/polgarmester\/"},"modified":"2021-03-18T15:28:44","modified_gmt":"2021-03-18T15:28:44","slug":"polgarmester","status":"publish","type":"page","link":"https:\/\/old.cristestimures.ro\/hu\/polgarmesteri-hivatal\/polgarmester\/","title":{"rendered":"Polgarmester"},"content":{"rendered":"<h2><b>Kov\u00e1cs Edit<\/b><\/h2>\n<p><span style=\"font-weight: 400;\">Strada Principala, nr. 678, Cod postal: 547185,\u00a0 Judet: Mure\u0219<\/span><\/p>\n<p><b>Telefon:<\/b><span style=\"font-weight: 400;\"> 0265\/326112 \u2013 0365\/730678<\/span><span style=\"font-weight: 400;\"><br \/>\n<\/span><b>Fax:<\/b><span style=\"font-weight: 400;\"> 0265\/326842 \u2013 0365\/730677<\/span><\/p>\n<p><b>E-mail:<\/b> <a href=\"mailto:primar@cristestimures.ro\"><span style=\"font-weight: 400;\">primar@cristestimures.ro<\/span><\/a><\/p>\n\n<!-- Page-list plugin v.5.9 wordpress.org\/plugins\/page-list\/ -->\n<ul class=\"page-list subpages-page-list \">\n<li class=\"page_item page-item-1022\"><a href=\"https:\/\/old.cristestimures.ro\/hu\/polgarmesteri-hivatal\/polgarmester\/polgarmesteri-koszonto\/\">Polg\u00e1rmesteri k\u00f6sz\u00f6nt\u0151<\/a><\/li>\n<li class=\"page_item page-item-1024\"><a href=\"https:\/\/old.cristestimures.ro\/hu\/polgarmesteri-hivatal\/polgarmester\/polgarmesteri-rendeletek\/\">Polg\u00e1rmesteri rendeletek<\/a><\/li>\n<li class=\"page_item page-item-1026\"><a href=\"https:\/\/old.cristestimures.ro\/hu\/polgarmesteri-hivatal\/polgarmester\/tevekenysegi-beszamolo\/\">Tev\u00e9kenys\u00e9gi besz\u00e1mol\u00f3<\/a><\/li>\n\n<\/ul>\n","protected":false},"excerpt":{"rendered":"<div class=\"mh-excerpt\"><p>Kov\u00e1cs Edit Strada Principala, nr. 678, Cod postal: 547185,\u00a0 Judet: Mure\u0219 Telefon: 0265\/326112 \u2013 0365\/730678 Fax: 0265\/326842 \u2013 0365\/730677 E-mail: primar@cristestimures.ro<\/p>\n<\/div>","protected":false},"author":3,"featured_media":0,"parent":1016,"menu_order":1,"comment_status":"closed","ping_status":"closed","template":"","meta":{"footnotes":""},"class_list":["post-1020","page","type-page","status-publish"],"_links":{"self":[{"href":"https:\/\/old.cristestimures.ro\/hu\/wp-json\/wp\/v2\/pages\/1020","targetHints":{"allow":["GET"]}}],"collection":[{"href":"https:\/\/old.cristestimures.ro\/hu\/wp-json\/wp\/v2\/pages"}],"about":[{"href":"https:\/\/old.cristestimures.ro\/hu\/wp-json\/wp\/v2\/types\/page"}],"author":[{"embeddable":true,"href":"https:\/\/old.cristestimures.ro\/hu\/wp-json\/wp\/v2\/users\/3"}],"replies":[{"embeddable":true,"href":"https:\/\/old.cristestimures.ro\/hu\/wp-json\/wp\/v2\/comments?post=1020"}],"version-history":[{"count":2,"href":"https:\/\/old.cristestimures.ro\/hu\/wp-json\/wp\/v2\/pages\/1020\/revisions"}],"predecessor-version":[{"id":1329,"href":"https:\/\/old.cristestimures.ro\/hu\/wp-json\/wp\/v2\/pages\/1020\/revisions\/1329"}],"up":[{"embeddable":true,"href":"https:\/\/old.cristestimures.ro\/hu\/wp-json\/wp\/v2\/pages\/1016"}],"wp:attachment":[{"href":"https:\/\/old.cristestimures.ro\/hu\/wp-json\/wp\/v2\/media?parent=1020"}],"curies":[{"name":"wp","href":"https:\/\/api.w.org\/{rel}","templated":true}]}}