{"id":1018,"date":"2018-10-11T16:19:47","date_gmt":"2018-10-11T14:19:47","guid":{"rendered":"https:\/\/cristestimures.ro\/szervezeti-felepites\/"},"modified":"2018-10-11T16:19:47","modified_gmt":"2018-10-11T16:19:47","slug":"szervezeti-felepites","status":"publish","type":"page","link":"https:\/\/old.cristestimures.ro\/hu\/polgarmesteri-hivatal\/szakhatosagok\/szervezeti-felepites\/","title":{"rendered":"Szervezeti fel\u00e9p\u00edt\u00e9s"},"content":{"rendered":"<p>[download id=&#8221;2&#8243;]<\/p>\n","protected":false},"excerpt":{"rendered":"<div class=\"mh-excerpt\"><p>[download id=&#8221;2&#8243;]<\/p>\n<\/div>","protected":false},"author":3,"featured_media":0,"parent":1034,"menu_order":2,"comment_status":"closed","ping_status":"closed","template":"","meta":{"footnotes":""},"class_list":["post-1018","page","type-page","status-publish"],"_links":{"self":[{"href":"https:\/\/old.cristestimures.ro\/hu\/wp-json\/wp\/v2\/pages\/1018","targetHints":{"allow":["GET"]}}],"collection":[{"href":"https:\/\/old.cristestimures.ro\/hu\/wp-json\/wp\/v2\/pages"}],"about":[{"href":"https:\/\/old.cristestimures.ro\/hu\/wp-json\/wp\/v2\/types\/page"}],"author":[{"embeddable":true,"href":"https:\/\/old.cristestimures.ro\/hu\/wp-json\/wp\/v2\/users\/3"}],"replies":[{"embeddable":true,"href":"https:\/\/old.cristestimures.ro\/hu\/wp-json\/wp\/v2\/comments?post=1018"}],"version-history":[{"count":0,"href":"https:\/\/old.cristestimures.ro\/hu\/wp-json\/wp\/v2\/pages\/1018\/revisions"}],"up":[{"embeddable":true,"href":"https:\/\/old.cristestimures.ro\/hu\/wp-json\/wp\/v2\/pages\/1034"}],"wp:attachment":[{"href":"https:\/\/old.cristestimures.ro\/hu\/wp-json\/wp\/v2\/media?parent=1018"}],"curies":[{"name":"wp","href":"https:\/\/api.w.org\/{rel}","templated":true}]}}