{"id":1014,"date":"2018-10-11T16:18:05","date_gmt":"2018-10-11T16:18:05","guid":{"rendered":"https:\/\/cristestimures.ro\/kozsegunkrol\/"},"modified":"2018-10-11T16:18:05","modified_gmt":"2018-10-11T16:18:05","slug":"kozsegunkrol","status":"publish","type":"page","link":"https:\/\/old.cristestimures.ro\/hu\/kozsegunkrol\/","title":{"rendered":"K\u00f6zs\u00e9g\u00fcnkr\u0151l"},"content":{"rendered":"<p>(lipseste sursa imaginilor)<\/p>\n<p><b>Comuna Criste\u0219ti \u2013 jude\u021bul Mure\u0219<\/b><span style=\"font-weight: 400;\">, este situat\u0103 \u00een centrul Transilvaniei \u00een imediata apropiere a municipiului T\u00e2rgu Mure\u0219.<\/span><\/p>\n<p>&nbsp;<\/p>\n<p><span style=\"font-weight: 400;\">Localit\u0103\u021bile care apar\u021bin acestei comune sunt: Criste\u0219ti \u0219i V\u0103lureni. Dup\u0103 datele din ultimul recens\u0103m\u00e2nt comuna are 5591 locuitori, dintre care 2.767 maghiari, 2.421rom\u00e2ni, 395 romi si 3 germani.<\/span><\/p>\n<p><span style=\"font-weight: 400;\">Nu exist\u0103 o religie majoritar\u0103, locuitorii fiind ortodoc\u0219i (45,11%), reforma\u021bi (33%), romano-catolici (6,47%), martori ai lui Iehova (4,29%), adventi\u0219ti de ziua a \u0219aptea (2,18%) \u0219i penticostali (2,16%). Pentru 4,74% din popula\u021bie, nu este cunoscut\u0103 apartenen\u021ba confesional\u0103.<\/span><\/p>\n<p><span style=\"font-weight: 400;\">Comparativ cu alte comune, rata \u0219omajului este mic\u0103, agen\u021bii comerciali din zon\u0103 absorbind aproape \u00een totalitate persoanele apte de munc\u0103.<\/span><\/p>\n<p><span style=\"font-weight: 400;\">Ambele localit\u0103\u021bi componente ale comunei sunt racordate la sistemele de alimentare cu gaz metan \u0219i energie electric\u0103, gospod\u0103riile beneficiind de asemenea de telefonie si televiziune prin cablu. <\/span><\/p>\n<p>&nbsp;<\/p>\n<p><span style=\"font-weight: 400;\">\u00cen ambele localit\u0103\u021bi func\u021bioneaz\u0103 \u0219coli generale \u0219i gr\u0103dini\u021be. \u00cen localitate func\u021bioneaz\u0103 trei dispensare medicale cu medici de familie, 2 cabinete stomatologice, 3 farmacii.<\/span><\/p>\n<p><span style=\"font-weight: 400;\">Num\u0103rul agen\u021bilor economici din localitate este semnificativ, majoritatea furniz\u00e2nd servicii c\u0103tre popula\u021bie.<\/span><\/p>\n<p><span style=\"font-weight: 400;\">Avem pe raza comunei firme de construc\u021bii, sta\u021bii de carburan\u021bi, firm\u0103 piese auto, laborator de cofet\u0103rie, sere de flori, moteluri \u0219i restaurante, firme de exploatare a produselor de balastier\u0103, firme profilate pe agricultura.<\/span><\/p>\n<p><span style=\"font-weight: 400;\">Pe raza comunei se afl\u0103 sta\u021bia CFR T\u00e2rgu Mure\u0219 Sud, sta\u021bie de epurare a apelor uzate, precum si Registrul Auto Rom\u00e2n al jud. Mure\u0219.<\/span><\/p>\n","protected":false},"excerpt":{"rendered":"<div class=\"mh-excerpt\"><p>(lipseste sursa imaginilor) Comuna Criste\u0219ti \u2013 jude\u021bul Mure\u0219, este situat\u0103 \u00een centrul Transilvaniei \u00een imediata apropiere a municipiului T\u00e2rgu Mure\u0219. &nbsp; Localit\u0103\u021bile care apar\u021bin acestei comune sunt: Criste\u0219ti \u0219i V\u0103lureni. Dup\u0103 datele din ultimul recens\u0103m\u00e2nt <a class=\"mh-excerpt-more\" href=\"https:\/\/old.cristestimures.ro\/hu\/kozsegunkrol\/\" title=\"K\u00f6zs\u00e9g\u00fcnkr\u0151l\">[&#8230;]<\/a><\/p>\n<\/div>","protected":false},"author":3,"featured_media":0,"parent":0,"menu_order":1,"comment_status":"closed","ping_status":"closed","template":"","meta":{"footnotes":""},"class_list":["post-1014","page","type-page","status-publish"],"_links":{"self":[{"href":"https:\/\/old.cristestimures.ro\/hu\/wp-json\/wp\/v2\/pages\/1014","targetHints":{"allow":["GET"]}}],"collection":[{"href":"https:\/\/old.cristestimures.ro\/hu\/wp-json\/wp\/v2\/pages"}],"about":[{"href":"https:\/\/old.cristestimures.ro\/hu\/wp-json\/wp\/v2\/types\/page"}],"author":[{"embeddable":true,"href":"https:\/\/old.cristestimures.ro\/hu\/wp-json\/wp\/v2\/users\/3"}],"replies":[{"embeddable":true,"href":"https:\/\/old.cristestimures.ro\/hu\/wp-json\/wp\/v2\/comments?post=1014"}],"version-history":[{"count":0,"href":"https:\/\/old.cristestimures.ro\/hu\/wp-json\/wp\/v2\/pages\/1014\/revisions"}],"wp:attachment":[{"href":"https:\/\/old.cristestimures.ro\/hu\/wp-json\/wp\/v2\/media?parent=1014"}],"curies":[{"name":"wp","href":"https:\/\/api.w.org\/{rel}","templated":true}]}}